{"id":31,"date":"2020-04-13T11:18:52","date_gmt":"2020-04-13T11:18:52","guid":{"rendered":"http:\/\/culturemambo.fr\/?page_id=31"},"modified":"2021-09-05T20:29:14","modified_gmt":"2021-09-05T18:29:14","slug":"about","status":"publish","type":"page","link":"https:\/\/culturemambo.fr\/?page_id=31","title":{"rendered":"About"},"content":{"rendered":"\t\t<div data-elementor-type=\"wp-page\" data-elementor-id=\"31\" class=\"elementor elementor-31\" data-elementor-settings=\"[]\">\n\t\t\t\t\t\t\t<div class=\"elementor-section-wrap\">\n\t\t\t\t\t\t\t<section class=\"elementor-section elementor-top-section elementor-element elementor-element-5131a13e elementor-section-boxed elementor-section-height-default elementor-section-height-default\" data-id=\"5131a13e\" data-element_type=\"section\" data-settings=\"{&quot;background_background&quot;:&quot;classic&quot;}\">\n\t\t\t\t\t\t\t<div class=\"elementor-background-overlay\"><\/div>\n\t\t\t\t\t\t\t<div class=\"elementor-container elementor-column-gap-default\">\n\t\t\t\t\t<div class=\"elementor-column elementor-col-100 elementor-top-column elementor-element elementor-element-1053ca7a\" data-id=\"1053ca7a\" data-element_type=\"column\">\n\t\t\t<div class=\"elementor-widget-wrap elementor-element-populated\">\n\t\t\t\t\t\t\t\t<div class=\"elementor-element elementor-element-3d99e122 elementor-widget elementor-widget-heading\" data-id=\"3d99e122\" data-element_type=\"widget\" data-widget_type=\"heading.default\">\n\t\t\t\t<div class=\"elementor-widget-container\">\n\t\t\t<h1 class=\"elementor-heading-title elementor-size-default\">Qui sommes-nous ?<\/h1>\t\t<\/div>\n\t\t\t\t<\/div>\n\t\t\t\t\t<\/div>\n\t\t<\/div>\n\t\t\t\t\t\t\t<\/div>\n\t\t<\/section>\n\t\t\t\t<section class=\"elementor-section elementor-top-section elementor-element elementor-element-b6501b8 elementor-section-boxed elementor-section-height-default elementor-section-height-default\" data-id=\"b6501b8\" data-element_type=\"section\">\n\t\t\t\t\t\t<div class=\"elementor-container elementor-column-gap-default\">\n\t\t\t\t\t<div class=\"elementor-column elementor-col-50 elementor-top-column elementor-element elementor-element-8b2574c\" data-id=\"8b2574c\" data-element_type=\"column\">\n\t\t\t<div class=\"elementor-widget-wrap elementor-element-populated\">\n\t\t\t\t\t\t\t\t<div class=\"elementor-element elementor-element-d94b844 elementor-widget elementor-widget-image\" data-id=\"d94b844\" data-element_type=\"widget\" data-widget_type=\"image.default\">\n\t\t\t\t<div class=\"elementor-widget-container\">\n\t\t\t\t\t\t\t\t\t\t\t\t\t\t\t<img loading=\"lazy\" decoding=\"async\" width=\"788\" height=\"526\" src=\"data:image\/svg+xml;base64,PHN2ZyB2aWV3Qm94PScwIDAgMTAyNCA2ODMnIHhtbG5zPSdodHRwOi8vd3d3LnczLm9yZy8yMDAwL3N2Zyc+PC9zdmc+\" class=\"attachment-large size-large lazyload\" alt=\"\" sizes=\"auto, (max-width: 788px) 100vw, 788px\" data-srcset=\"https:\/\/i0.wp.com\/culturemambo.fr\/wp-content\/uploads\/2021\/08\/R1-reduit.jpg?w=1920&amp;ssl=1 1920w, https:\/\/i0.wp.com\/culturemambo.fr\/wp-content\/uploads\/2021\/08\/R1-reduit.jpg?resize=300%2C200&amp;ssl=1 300w, https:\/\/i0.wp.com\/culturemambo.fr\/wp-content\/uploads\/2021\/08\/R1-reduit.jpg?resize=1024%2C683&amp;ssl=1 1024w, https:\/\/i0.wp.com\/culturemambo.fr\/wp-content\/uploads\/2021\/08\/R1-reduit.jpg?resize=768%2C512&amp;ssl=1 768w, https:\/\/i0.wp.com\/culturemambo.fr\/wp-content\/uploads\/2021\/08\/R1-reduit.jpg?resize=1536%2C1024&amp;ssl=1 1536w, https:\/\/i0.wp.com\/culturemambo.fr\/wp-content\/uploads\/2021\/08\/R1-reduit.jpg?resize=150%2C100&amp;ssl=1 150w, https:\/\/i0.wp.com\/culturemambo.fr\/wp-content\/uploads\/2021\/08\/R1-reduit.jpg?resize=450%2C300&amp;ssl=1 450w, https:\/\/i0.wp.com\/culturemambo.fr\/wp-content\/uploads\/2021\/08\/R1-reduit.jpg?resize=1200%2C800&amp;ssl=1 1200w\" data-src=\"https:\/\/i0.wp.com\/culturemambo.fr\/wp-content\/uploads\/2021\/08\/R1-reduit.jpg?fit=788%2C526&amp;ssl=1\" \/>\t\t\t\t\t\t\t\t\t\t\t\t\t\t\t<\/div>\n\t\t\t\t<\/div>\n\t\t\t\t\t<\/div>\n\t\t<\/div>\n\t\t\t\t<div class=\"elementor-column elementor-col-50 elementor-top-column elementor-element elementor-element-db7f4d7\" data-id=\"db7f4d7\" data-element_type=\"column\">\n\t\t\t<div class=\"elementor-widget-wrap elementor-element-populated\">\n\t\t\t\t\t\t\t\t<div class=\"elementor-element elementor-element-ec2f53d elementor-widget elementor-widget-heading\" data-id=\"ec2f53d\" data-element_type=\"widget\" data-widget_type=\"heading.default\">\n\t\t\t\t<div class=\"elementor-widget-container\">\n\t\t\t<h2 class=\"elementor-heading-title elementor-size-default\">R\u00e9mi<\/h2>\t\t<\/div>\n\t\t\t\t<\/div>\n\t\t\t\t<div class=\"elementor-element elementor-element-44ce5982 elementor-widget elementor-widget-text-editor\" data-id=\"44ce5982\" data-element_type=\"widget\" data-widget_type=\"text-editor.default\">\n\t\t\t\t<div class=\"elementor-widget-container\">\n\t\t\t\t\t\t\t\t<p>Install\u00e9 \u00e0 Toulouse depuis plusieurs ann\u00e9es, R\u00e9mi enseigne la salsa avec humour et pr\u00e9cision \u00e0 travers les cours r\u00e9guliers et les stages qu&rsquo;il donne avec sa partenaire Marina. Sa curiosit\u00e9 et ses recherches sur l&rsquo;histoire de la salsa lui ont donn\u00e9 envie de cr\u00e9er un espace accessible en fran\u00e7ais pour tous les danseurs passionn\u00e9s par la danse et la salsa en particulier.<\/p>\t\t\t\t\t\t<\/div>\n\t\t\t\t<\/div>\n\t\t\t\t<div class=\"elementor-element elementor-element-ed3d952 elementor-widget elementor-widget-text-editor\" data-id=\"ed3d952\" data-element_type=\"widget\" data-widget_type=\"text-editor.default\">\n\t\t\t\t<div class=\"elementor-widget-container\">\n\t\t\t\t\t\t\t\t<p>R\u00e9mi a d\u00e9couvert l\u2019univers de la danse gr\u00e2ce \u00e0 la salsa qui est rapidement devenu une passion pour lui. Apr\u00e8s une formation de deux ans dans la troupe semi-professionnelle Matiagua d\u2019Alegria, il revient s&rsquo;installer \u00e0 toulouse pour donner des cours r\u00e9guliers avec Marina. Il continue \u00e0 d\u00e9velopper son style \u00e9nergique et rapide tout en recherchant la fluidit\u00e9 et l\u2019originalit\u00e9 dans ses passes.<\/p><p>Fondateur de la page Facebook Culture Mambo, il y partage son engouement \u00e0 cette danse et son histoire en diffusant de nombreux articles.<\/p>\t\t\t\t\t\t<\/div>\n\t\t\t\t<\/div>\n\t\t\t\t\t<\/div>\n\t\t<\/div>\n\t\t\t\t\t\t\t<\/div>\n\t\t<\/section>\n\t\t\t\t<section class=\"elementor-section elementor-top-section elementor-element elementor-element-c425064 elementor-section-boxed elementor-section-height-default elementor-section-height-default\" data-id=\"c425064\" data-element_type=\"section\">\n\t\t\t\t\t\t<div class=\"elementor-container elementor-column-gap-default\">\n\t\t\t\t\t<div class=\"elementor-column elementor-col-50 elementor-top-column elementor-element elementor-element-b50119d\" data-id=\"b50119d\" data-element_type=\"column\">\n\t\t\t<div class=\"elementor-widget-wrap elementor-element-populated\">\n\t\t\t\t\t\t\t\t<div class=\"elementor-element elementor-element-1dc7343 elementor-widget elementor-widget-image\" data-id=\"1dc7343\" data-element_type=\"widget\" data-widget_type=\"image.default\">\n\t\t\t\t<div class=\"elementor-widget-container\">\n\t\t\t\t\t\t\t\t\t\t\t\t\t\t\t<img loading=\"lazy\" decoding=\"async\" width=\"788\" height=\"526\" src=\"data:image\/svg+xml;base64,PHN2ZyB2aWV3Qm94PScwIDAgMTAyNCA2ODMnIHhtbG5zPSdodHRwOi8vd3d3LnczLm9yZy8yMDAwL3N2Zyc+PC9zdmc+\" class=\"attachment-large size-large lazyload\" alt=\"\" sizes=\"auto, (max-width: 788px) 100vw, 788px\" data-srcset=\"https:\/\/i0.wp.com\/culturemambo.fr\/wp-content\/uploads\/2021\/08\/M3-reduit.jpg?w=1920&amp;ssl=1 1920w, https:\/\/i0.wp.com\/culturemambo.fr\/wp-content\/uploads\/2021\/08\/M3-reduit.jpg?resize=300%2C200&amp;ssl=1 300w, https:\/\/i0.wp.com\/culturemambo.fr\/wp-content\/uploads\/2021\/08\/M3-reduit.jpg?resize=1024%2C683&amp;ssl=1 1024w, https:\/\/i0.wp.com\/culturemambo.fr\/wp-content\/uploads\/2021\/08\/M3-reduit.jpg?resize=768%2C512&amp;ssl=1 768w, https:\/\/i0.wp.com\/culturemambo.fr\/wp-content\/uploads\/2021\/08\/M3-reduit.jpg?resize=1536%2C1024&amp;ssl=1 1536w, https:\/\/i0.wp.com\/culturemambo.fr\/wp-content\/uploads\/2021\/08\/M3-reduit.jpg?resize=150%2C100&amp;ssl=1 150w, https:\/\/i0.wp.com\/culturemambo.fr\/wp-content\/uploads\/2021\/08\/M3-reduit.jpg?resize=450%2C300&amp;ssl=1 450w, https:\/\/i0.wp.com\/culturemambo.fr\/wp-content\/uploads\/2021\/08\/M3-reduit.jpg?resize=1200%2C800&amp;ssl=1 1200w\" data-src=\"https:\/\/i0.wp.com\/culturemambo.fr\/wp-content\/uploads\/2021\/08\/M3-reduit.jpg?fit=788%2C526&amp;ssl=1\" \/>\t\t\t\t\t\t\t\t\t\t\t\t\t\t\t<\/div>\n\t\t\t\t<\/div>\n\t\t\t\t\t<\/div>\n\t\t<\/div>\n\t\t\t\t<div class=\"elementor-column elementor-col-50 elementor-top-column elementor-element elementor-element-96570d8\" data-id=\"96570d8\" data-element_type=\"column\">\n\t\t\t<div class=\"elementor-widget-wrap elementor-element-populated\">\n\t\t\t\t\t\t\t\t<div class=\"elementor-element elementor-element-54d484d elementor-widget elementor-widget-heading\" data-id=\"54d484d\" data-element_type=\"widget\" data-widget_type=\"heading.default\">\n\t\t\t\t<div class=\"elementor-widget-container\">\n\t\t\t<h2 class=\"elementor-heading-title elementor-size-default\">Marina<\/h2>\t\t<\/div>\n\t\t\t\t<\/div>\n\t\t\t\t<div class=\"elementor-element elementor-element-1b8b300 elementor-widget elementor-widget-text-editor\" data-id=\"1b8b300\" data-element_type=\"widget\" data-widget_type=\"text-editor.default\">\n\t\t\t\t<div class=\"elementor-widget-container\">\n\t\t\t\t\t\t\t\t<p><strong>Professeur de salsa depuis maintenant 5 ans, Marina partage sa passion et son amour pour la danse au travers de stages et cours r\u00e9guliers \u00e0 Toulouse. Elle enseigne aussi bien en couple qu&rsquo;en solo avec des cours de lady styling et de Yoga Danse.<br \/><\/strong><\/p><p>Il lui tient \u00e0 coeur de cr\u00e9er un environnement unique et bienveillant permettant \u00e0 chacune de pouvoir se d\u00e9couvrir et s\u2019exprimer \u00e0 travers la danse.\u00a0<\/p><p>Sp\u00e9cialis\u00e9e dans la salsa dite portoricaine, ou plus commun\u00e9ment appel\u00e9 salsa On2, elle transmet \u00e0 chacun son savoir dans la bonne humeur, la bienveillance, le partage et la joie de vivre.\u00a0<\/p><p>\u00ab\u00a0<em>Danser c\u2019est vivre la vie dans ses vibrations les plus fines et les plus hautes, vivre la vie harmonis\u00e9e, purifi\u00e9e, contr\u00f4l\u00e9e.<\/em> \u00a0\u00bb\u00a0 Ruth Saint-Denis<\/p>\t\t\t\t\t\t<\/div>\n\t\t\t\t<\/div>\n\t\t\t\t\t<\/div>\n\t\t<\/div>\n\t\t\t\t\t\t\t<\/div>\n\t\t<\/section>\n\t\t\t\t<section class=\"elementor-section elementor-top-section elementor-element elementor-element-88095be elementor-section-boxed elementor-section-height-default elementor-section-height-default\" data-id=\"88095be\" data-element_type=\"section\" data-settings=\"{&quot;background_background&quot;:&quot;classic&quot;}\">\n\t\t\t\t\t\t<div class=\"elementor-container elementor-column-gap-no\">\n\t\t\t\t\t<div class=\"elementor-column elementor-col-33 elementor-top-column elementor-element elementor-element-b59566c\" data-id=\"b59566c\" data-element_type=\"column\">\n\t\t\t<div class=\"elementor-widget-wrap elementor-element-populated\">\n\t\t\t\t\t\t\t\t<div class=\"elementor-element elementor-element-08f8146 elementor-widget elementor-widget-heading\" data-id=\"08f8146\" data-element_type=\"widget\" data-widget_type=\"heading.default\">\n\t\t\t\t<div class=\"elementor-widget-container\">\n\t\t\t<h2 class=\"elementor-heading-title elementor-size-default\">Notre objectif<\/h2>\t\t<\/div>\n\t\t\t\t<\/div>\n\t\t\t\t<div class=\"elementor-element elementor-element-da472c0 elementor-icon-list--layout-traditional elementor-list-item-link-full_width elementor-widget elementor-widget-icon-list\" data-id=\"da472c0\" data-element_type=\"widget\" data-widget_type=\"icon-list.default\">\n\t\t\t\t<div class=\"elementor-widget-container\">\n\t\t\t\t\t<ul class=\"elementor-icon-list-items\">\n\t\t\t\t\t\t\t<li class=\"elementor-icon-list-item\">\n\t\t\t\t\t\t\t\t\t\t\t<span class=\"elementor-icon-list-icon\">\n\t\t\t\t\t\t\t<i aria-hidden=\"true\" class=\"far fa-star\"><\/i>\t\t\t\t\t\t<\/span>\n\t\t\t\t\t\t\t\t\t\t<span class=\"elementor-icon-list-text\">Faciliter l'acc\u00e8s \u00e0 l'information sur la salsa et son histoire<\/span>\n\t\t\t\t\t\t\t\t\t<\/li>\n\t\t\t\t\t\t\t\t<li class=\"elementor-icon-list-item\">\n\t\t\t\t\t\t\t\t\t\t\t<span class=\"elementor-icon-list-icon\">\n\t\t\t\t\t\t\t<i aria-hidden=\"true\" class=\"far fa-star\"><\/i>\t\t\t\t\t\t<\/span>\n\t\t\t\t\t\t\t\t\t\t<span class=\"elementor-icon-list-text\"><span class=\"elementor-icon-list-text elementor-inline-editing pen\" data-elementor-setting-key=\"icon_list.0.text\" data-pen-placeholder=\"\u00c9crivez ici...\" contenteditable=\"true\">D\u00e9velopper la bienveillance dans la communaut\u00e9 de danseurs de Salsa<\/span> <br><\/span>\n\t\t\t\t\t\t\t\t\t<\/li>\n\t\t\t\t\t\t\t\t<li class=\"elementor-icon-list-item\">\n\t\t\t\t\t\t\t\t\t\t\t<span class=\"elementor-icon-list-icon\">\n\t\t\t\t\t\t\t<i aria-hidden=\"true\" class=\"far fa-star\"><\/i>\t\t\t\t\t\t<\/span>\n\t\t\t\t\t\t\t\t\t\t<span class=\"elementor-icon-list-text\"><span data-elementor-setting-key=\"icon_list.0.text\" data-pen-placeholder=\"\u00c9crivez ici...\" contenteditable=\"true\">Proposer un moyen de partage et d'\u00e9change sur notre danse<\/span><\/span>\n\t\t\t\t\t\t\t\t\t<\/li>\n\t\t\t\t\t\t<\/ul>\n\t\t\t\t<\/div>\n\t\t\t\t<\/div>\n\t\t\t\t\t<\/div>\n\t\t<\/div>\n\t\t\t\t<div class=\"elementor-column elementor-col-33 elementor-top-column elementor-element elementor-element-bca9a20\" data-id=\"bca9a20\" data-element_type=\"column\">\n\t\t\t<div class=\"elementor-widget-wrap elementor-element-populated\">\n\t\t\t\t\t\t\t\t<div class=\"elementor-element elementor-element-aa773a3 elementor-widget elementor-widget-heading\" data-id=\"aa773a3\" data-element_type=\"widget\" data-widget_type=\"heading.default\">\n\t\t\t\t<div class=\"elementor-widget-container\">\n\t\t\t<h2 class=\"elementor-heading-title elementor-size-default\">Notre vision<\/h2>\t\t<\/div>\n\t\t\t\t<\/div>\n\t\t\t\t<div class=\"elementor-element elementor-element-ccbd346 elementor-widget elementor-widget-text-editor\" data-id=\"ccbd346\" data-element_type=\"widget\" data-widget_type=\"text-editor.default\">\n\t\t\t\t<div class=\"elementor-widget-container\">\n\t\t\t\t\t\t\t\t<p>Chacun trouve quelque chose qui lui est propre dans la danse, la libert\u00e9, l&rsquo;\u00e9nergie, la joie, l&rsquo;amour, l&rsquo;\u00e9change.. <\/p><p>A travers la danse nous parvenons \u00e0 nous reconnecter avec notre corps et avec les autres.<\/p>\t\t\t\t\t\t<\/div>\n\t\t\t\t<\/div>\n\t\t\t\t\t<\/div>\n\t\t<\/div>\n\t\t\t\t<div class=\"elementor-column elementor-col-33 elementor-top-column elementor-element elementor-element-6b0d72f\" data-id=\"6b0d72f\" data-element_type=\"column\">\n\t\t\t<div class=\"elementor-widget-wrap elementor-element-populated\">\n\t\t\t\t\t\t\t\t<div class=\"elementor-element elementor-element-30cd69e elementor-widget elementor-widget-heading\" data-id=\"30cd69e\" data-element_type=\"widget\" data-widget_type=\"heading.default\">\n\t\t\t\t<div class=\"elementor-widget-container\">\n\t\t\t<h2 class=\"elementor-heading-title elementor-size-default\">Nos Valeurs<\/h2>\t\t<\/div>\n\t\t\t\t<\/div>\n\t\t\t\t<div class=\"elementor-element elementor-element-9f92279 elementor-icon-list--layout-traditional elementor-list-item-link-full_width elementor-widget elementor-widget-icon-list\" data-id=\"9f92279\" data-element_type=\"widget\" data-widget_type=\"icon-list.default\">\n\t\t\t\t<div class=\"elementor-widget-container\">\n\t\t\t\t\t<ul class=\"elementor-icon-list-items\">\n\t\t\t\t\t\t\t<li class=\"elementor-icon-list-item\">\n\t\t\t\t\t\t\t\t\t\t\t<span class=\"elementor-icon-list-icon\">\n\t\t\t\t\t\t\t<i aria-hidden=\"true\" class=\"fas fa-caret-right\"><\/i>\t\t\t\t\t\t<\/span>\n\t\t\t\t\t\t\t\t\t\t<span class=\"elementor-icon-list-text\">Bienveillance<\/span>\n\t\t\t\t\t\t\t\t\t<\/li>\n\t\t\t\t\t\t\t\t<li class=\"elementor-icon-list-item\">\n\t\t\t\t\t\t\t\t\t\t\t<span class=\"elementor-icon-list-icon\">\n\t\t\t\t\t\t\t<i aria-hidden=\"true\" class=\"fas fa-caret-right\"><\/i>\t\t\t\t\t\t<\/span>\n\t\t\t\t\t\t\t\t\t\t<span class=\"elementor-icon-list-text\">Libert\u00e9<\/span>\n\t\t\t\t\t\t\t\t\t<\/li>\n\t\t\t\t\t\t\t\t<li class=\"elementor-icon-list-item\">\n\t\t\t\t\t\t\t\t\t\t\t<span class=\"elementor-icon-list-icon\">\n\t\t\t\t\t\t\t<i aria-hidden=\"true\" class=\"fas fa-caret-right\"><\/i>\t\t\t\t\t\t<\/span>\n\t\t\t\t\t\t\t\t\t\t<span class=\"elementor-icon-list-text\">Humilit\u00e9<\/span>\n\t\t\t\t\t\t\t\t\t<\/li>\n\t\t\t\t\t\t\t\t<li class=\"elementor-icon-list-item\">\n\t\t\t\t\t\t\t\t\t\t\t<span class=\"elementor-icon-list-icon\">\n\t\t\t\t\t\t\t<i aria-hidden=\"true\" class=\"fas fa-caret-right\"><\/i>\t\t\t\t\t\t<\/span>\n\t\t\t\t\t\t\t\t\t\t<span class=\"elementor-icon-list-text\">D\u00e9passement de soi<\/span>\n\t\t\t\t\t\t\t\t\t<\/li>\n\t\t\t\t\t\t<\/ul>\n\t\t\t\t<\/div>\n\t\t\t\t<\/div>\n\t\t\t\t\t<\/div>\n\t\t<\/div>\n\t\t\t\t\t\t\t<\/div>\n\t\t<\/section>\n\t\t\t\t\t\t<\/div>\n\t\t\t\t\t<\/div>\n\t\t","protected":false},"excerpt":{"rendered":"<p>Qui sommes-nous ? R\u00e9mi Install\u00e9 \u00e0 Toulouse depuis plusieurs ann\u00e9es, R\u00e9mi enseigne la salsa avec humour et pr\u00e9cision \u00e0 travers les cours r\u00e9guliers et les stages qu&rsquo;il donne avec sa partenaire Marina. Sa curiosit\u00e9 et ses recherches sur l&rsquo;histoire de la salsa lui ont donn\u00e9 envie de cr\u00e9er un espace accessible en fran\u00e7ais pour tous<\/p>\n","protected":false},"author":0,"featured_media":0,"parent":0,"menu_order":0,"comment_status":"closed","ping_status":"closed","template":"page-templates\/no-wrapper.php","meta":{"_monsterinsights_skip_tracking":false,"_monsterinsights_sitenote_active":false,"_monsterinsights_sitenote_note":"","_monsterinsights_sitenote_category":0,"footnotes":""},"class_list":["post-31","page","type-page","status-publish"],"jetpack_sharing_enabled":true,"jetpack-related-posts":[],"_links":{"self":[{"href":"https:\/\/culturemambo.fr\/index.php?rest_route=\/wp\/v2\/pages\/31","targetHints":{"allow":["GET"]}}],"collection":[{"href":"https:\/\/culturemambo.fr\/index.php?rest_route=\/wp\/v2\/pages"}],"about":[{"href":"https:\/\/culturemambo.fr\/index.php?rest_route=\/wp\/v2\/types\/page"}],"replies":[{"embeddable":true,"href":"https:\/\/culturemambo.fr\/index.php?rest_route=%2Fwp%2Fv2%2Fcomments&post=31"}],"version-history":[{"count":21,"href":"https:\/\/culturemambo.fr\/index.php?rest_route=\/wp\/v2\/pages\/31\/revisions"}],"predecessor-version":[{"id":2120,"href":"https:\/\/culturemambo.fr\/index.php?rest_route=\/wp\/v2\/pages\/31\/revisions\/2120"}],"wp:attachment":[{"href":"https:\/\/culturemambo.fr\/index.php?rest_route=%2Fwp%2Fv2%2Fmedia&parent=31"}],"curies":[{"name":"wp","href":"https:\/\/api.w.org\/{rel}","templated":true}]}}